{"id":38,"date":"2026-02-11T14:02:27","date_gmt":"2026-02-11T13:02:27","guid":{"rendered":"http:\/\/localhost\/ARS%20DISTRIBUTION\/?page_id=38"},"modified":"2026-04-13T15:03:19","modified_gmt":"2026-04-13T13:03:19","slug":"about","status":"publish","type":"page","link":"https:\/\/arsdistribution.com\/?page_id=38","title":{"rendered":"A propos"},"content":{"rendered":"\t\t<div data-elementor-type=\"wp-page\" data-elementor-id=\"38\" class=\"elementor elementor-38\">\n\t\t\t\t<div class=\"elementor-element elementor-element-2d877591 e-flex e-con-boxed e-con e-parent\" data-id=\"2d877591\" data-element_type=\"container\" data-e-type=\"container\" data-settings=\"{&quot;background_background&quot;:&quot;gradient&quot;,&quot;shape_divider_bottom&quot;:&quot;waves&quot;}\">\n\t\t\t\t\t<div class=\"e-con-inner\">\n\t\t\t\t<div class=\"elementor-shape elementor-shape-bottom\" aria-hidden=\"true\" data-negative=\"false\">\n\t\t\t<svg xmlns=\"http:\/\/www.w3.org\/2000\/svg\" viewBox=\"0 0 1000 100\" preserveAspectRatio=\"none\">\n\t<path class=\"elementor-shape-fill\" d=\"M421.9,6.5c22.6-2.5,51.5,0.4,75.5,5.3c23.6,4.9,70.9,23.5,100.5,35.7c75.8,32.2,133.7,44.5,192.6,49.7\n\tc23.6,2.1,48.7,3.5,103.4-2.5c54.7-6,106.2-25.6,106.2-25.6V0H0v30.3c0,0,72,32.6,158.4,30.5c39.2-0.7,92.8-6.7,134-22.4\n\tc21.2-8.1,52.2-18.2,79.7-24.2C399.3,7.9,411.6,7.5,421.9,6.5z\"\/>\n<\/svg>\t\t<\/div>\n\t\t\t\t<div class=\"elementor-element elementor-element-5041a16 elementor-widget elementor-widget-heading\" data-id=\"5041a16\" data-element_type=\"widget\" data-e-type=\"widget\" data-widget_type=\"heading.default\">\n\t\t\t\t\t<h1 class=\"elementor-heading-title elementor-size-default\"><div><span style=\"background-color: transparent\">A PROPOS<\/span><\/div><\/h1>\t\t\t\t<\/div>\n\t\t\t\t\t<\/div>\n\t\t\t\t<\/div>\n\t\t<div class=\"elementor-element elementor-element-46015afc e-con-full e-flex e-con e-parent\" data-id=\"46015afc\" data-element_type=\"container\" data-e-type=\"container\">\n\t\t\t\t<div class=\"elementor-element elementor-element-3ff608c0 elementor-widget elementor-widget-zigzag\" data-id=\"3ff608c0\" data-element_type=\"widget\" data-e-type=\"widget\" data-settings=\"{&quot;image_shape&quot;:&quot;sharp&quot;}\" data-widget_type=\"zigzag.default\">\n\t\t\t\t<div class=\"elementor-widget-container\">\n\t\t\t\t\t\t\t<div class=\"ehp-zigzag has-direction-start\">\n\t\t\t\t\t\t\t<div class=\"ehp-zigzag__item-wrapper\">\n\t\t\t\t\t<div class=\"ehp-zigzag__item-container\">\n\t\t\t\t\t\t\t\t<div class=\"ehp-zigzag__graphic-element-container has-image\">\n\t\t\t\t\t\t<div class=\"ehp-image ehp-zigzag__image-container\">\n\t\t\t\t<img decoding=\"async\" class=\"ehp-image__img ehp-zigzag__img has-shape-sharp shape-type-image\" src=\"https:\/\/arsdistribution.com\/wp-content\/uploads\/2026\/02\/camionlogo-1-e1771254371599.jpeg\" title=\"camionlogo\" alt=\"camionlogo\" loading=\"lazy\" \/>\t\t\t<\/div>\n\t\t\t\t\t<\/div>\n\t\t\t\t<div class=\"ehp-zigzag__text-container is-graphic-image\">\n\t\t\t<h2 class=\"ehp-zigzag__title\">Votre partenaire de transport fiable et s\u00e9curis\u00e9<\/h2><p class=\"ehp-zigzag__description\">Chez ARS Distribution, nous mettons \u00e0 votre disposition une flotte moderne de camions \u00e9quip\u00e9e d\u2019un syst\u00e8me de suivi GPS en temps r\u00e9el, garantissant un contr\u00f4le pr\u00e9cis de chaque transport.\n\nQuelle que soit le nombre de trajets ou le volume de marchandises \u00e0 transporter, notre capacit\u00e9 logistique nous permet de r\u00e9pondre efficacement \u00e0 vos besoins partout au Maroc.\n\nNous assurons un service ponctuel, s\u00e9curis\u00e9 et transparent. Toutes les marchandises transport\u00e9es sont couvertes par une assurance professionnelle, offrant \u00e0 nos clients une protection maximale et une tranquillit\u00e9 totale.<\/p>\t\t<\/div>\n\t\t\t\t\t\t\t<\/div>\n\t\t\t\t<\/div>\n\t\t\t\t\t\t\t\t<div class=\"ehp-zigzag__item-wrapper\">\n\t\t\t\t\t<div class=\"ehp-zigzag__item-container\">\n\t\t\t\t\t\t\t\t<div class=\"ehp-zigzag__graphic-element-container has-image\">\n\t\t\t\t\t\t<div class=\"ehp-image ehp-zigzag__image-container ehp-image ehp-zigzag__image-container\">\n\t\t\t\t<img decoding=\"async\" class=\"ehp-image__img ehp-zigzag__img has-shape-sharp shape-type-image\" src=\"https:\/\/arsdistribution.com\/wp-content\/uploads\/2026\/02\/camioncharge-1.avif\" title=\"camioncharge\" alt=\"camioncharge\" loading=\"lazy\" \/>\t\t\t<\/div>\n\t\t\t\t\t<\/div>\n\t\t\t\t<div class=\"ehp-zigzag__text-container is-graphic-image\">\n\t\t\t<h2 class=\"ehp-zigzag__title\">Une \u00e9quipe exp\u00e9riment\u00e9e \u00e0 votre service<\/h2><p class=\"ehp-zigzag__description\">Chez ARS Distribution, notre force repose sur une \u00e9quipe de chauffeurs qualifi\u00e9s et exp\u00e9riment\u00e9s, form\u00e9s aux normes de s\u00e9curit\u00e9 et de conduite les plus strictes.\n\nChaque trajet est planifi\u00e9 avec rigueur afin d\u2019optimiser les d\u00e9lais et garantir une livraison fiable et efficace sur tout le territoire national.\n\nNotre organisation logistique et notre engagement quotidien nous permettent d\u2019assurer un service professionnel, adapt\u00e9 aux exigences des entreprises.<\/p>\t\t<\/div>\n\t\t\t\t\t\t\t<\/div>\n\t\t\t\t<\/div>\n\t\t\t\t\t\t\t<\/div>\n\t\t\t\t\t\t<\/div>\n\t\t\t\t<\/div>\n\t\t\t\t<\/div>\n\t\t\t\t<\/div>\n\t\t","protected":false},"excerpt":{"rendered":"<p>A PROPOS Votre partenaire de transport fiable et s\u00e9curis\u00e9 Chez ARS Distribution, nous mettons \u00e0 votre disposition une flotte moderne de camions \u00e9quip\u00e9e d\u2019un syst\u00e8me de suivi GPS en temps r\u00e9el, garantissant un contr\u00f4le pr\u00e9cis de chaque transport. Quelle que soit le nombre de trajets ou le volume de marchandises \u00e0 transporter, notre capacit\u00e9 logistique [&hellip;]<\/p>\n","protected":false},"author":1,"featured_media":0,"parent":0,"menu_order":0,"comment_status":"closed","ping_status":"closed","template":"elementor_header_footer","meta":{"footnotes":""},"class_list":["post-38","page","type-page","status-publish","hentry"],"_links":{"self":[{"href":"https:\/\/arsdistribution.com\/index.php?rest_route=\/wp\/v2\/pages\/38","targetHints":{"allow":["GET"]}}],"collection":[{"href":"https:\/\/arsdistribution.com\/index.php?rest_route=\/wp\/v2\/pages"}],"about":[{"href":"https:\/\/arsdistribution.com\/index.php?rest_route=\/wp\/v2\/types\/page"}],"author":[{"embeddable":true,"href":"https:\/\/arsdistribution.com\/index.php?rest_route=\/wp\/v2\/users\/1"}],"replies":[{"embeddable":true,"href":"https:\/\/arsdistribution.com\/index.php?rest_route=%2Fwp%2Fv2%2Fcomments&post=38"}],"version-history":[{"count":17,"href":"https:\/\/arsdistribution.com\/index.php?rest_route=\/wp\/v2\/pages\/38\/revisions"}],"predecessor-version":[{"id":320,"href":"https:\/\/arsdistribution.com\/index.php?rest_route=\/wp\/v2\/pages\/38\/revisions\/320"}],"wp:attachment":[{"href":"https:\/\/arsdistribution.com\/index.php?rest_route=%2Fwp%2Fv2%2Fmedia&parent=38"}],"curies":[{"name":"wp","href":"https:\/\/api.w.org\/{rel}","templated":true}]}}